{"id":1033,"date":"2022-11-14T10:23:13","date_gmt":"2022-11-14T09:23:13","guid":{"rendered":"https:\/\/www.qsqc.xyz\/qsqc\/?post_type=product&#038;p=1033"},"modified":"2024-03-31T23:31:03","modified_gmt":"2024-03-31T21:31:03","slug":"toutes-voiles-dehors","status":"publish","type":"product","link":"https:\/\/www.qsqc.xyz\/qsqc\/produit\/toutes-voiles-dehors\/","title":{"rendered":"\u00ab\u00a0Toutes voiles dehors\u00a0\u00bb"},"content":{"rendered":"","protected":false},"excerpt":{"rendered":"<p>R\u00e9alis\u00e9 \u00e0 l&rsquo;aquarelle sur papier Arches 300gr<\/p>\n","protected":false},"featured_media":1034,"comment_status":"open","ping_status":"closed","template":"","meta":{"pmpro_default_level":""},"product_brand":[],"product_cat":[38,46],"product_tag":[],"class_list":{"0":"post-1033","1":"product","2":"type-product","3":"status-publish","4":"has-post-thumbnail","6":"product_cat-tableaux","7":"product_cat-tableaux-en-vente","8":"pmpro-has-access","10":"first","11":"instock","12":"sold-individually","13":"shipping-taxable","14":"purchasable","15":"product-type-simple"},"jetpack_sharing_enabled":true,"_links":{"self":[{"href":"https:\/\/www.qsqc.xyz\/qsqc\/wp-json\/wp\/v2\/product\/1033","targetHints":{"allow":["GET"]}}],"collection":[{"href":"https:\/\/www.qsqc.xyz\/qsqc\/wp-json\/wp\/v2\/product"}],"about":[{"href":"https:\/\/www.qsqc.xyz\/qsqc\/wp-json\/wp\/v2\/types\/product"}],"replies":[{"embeddable":true,"href":"https:\/\/www.qsqc.xyz\/qsqc\/wp-json\/wp\/v2\/comments?post=1033"}],"wp:featuredmedia":[{"embeddable":true,"href":"https:\/\/www.qsqc.xyz\/qsqc\/wp-json\/wp\/v2\/media\/1034"}],"wp:attachment":[{"href":"https:\/\/www.qsqc.xyz\/qsqc\/wp-json\/wp\/v2\/media?parent=1033"}],"wp:term":[{"taxonomy":"product_brand","embeddable":true,"href":"https:\/\/www.qsqc.xyz\/qsqc\/wp-json\/wp\/v2\/product_brand?post=1033"},{"taxonomy":"product_cat","embeddable":true,"href":"https:\/\/www.qsqc.xyz\/qsqc\/wp-json\/wp\/v2\/product_cat?post=1033"},{"taxonomy":"product_tag","embeddable":true,"href":"https:\/\/www.qsqc.xyz\/qsqc\/wp-json\/wp\/v2\/product_tag?post=1033"}],"curies":[{"name":"wp","href":"https:\/\/api.w.org\/{rel}","templated":true}]}}