{"id":1023,"date":"2022-11-14T10:00:46","date_gmt":"2022-11-14T09:00:46","guid":{"rendered":"https:\/\/www.qsqc.xyz\/qsqc\/?post_type=product&#038;p=1023"},"modified":"2022-11-15T18:17:36","modified_gmt":"2022-11-15T17:17:36","slug":"ignoranceserie_les_peut_etre","status":"publish","type":"product","link":"https:\/\/www.qsqc.xyz\/qsqc\/produit\/ignoranceserie_les_peut_etre\/","title":{"rendered":"\u00ab\u00a0Ignorance?\u00a0\u00bb (en Pr\u00eat\/Location)"},"content":{"rendered":"","protected":false},"excerpt":{"rendered":"<p>r\u00e9alis\u00e9 \u00e0 l&rsquo;encre de chine sur papier 300gr;<br \/>\nTableau issu d&rsquo;une s\u00e9rie en cours les \u00ab\u00a0peut-\u00eatre&#8230;\u00a0\u00bb<\/p>\n","protected":false},"featured_media":1024,"comment_status":"open","ping_status":"closed","template":"","meta":{"pmpro_default_level":""},"product_brand":[],"product_cat":[38,47],"product_tag":[],"class_list":{"0":"post-1023","1":"product","2":"type-product","3":"status-publish","4":"has-post-thumbnail","6":"product_cat-tableaux","7":"product_cat-pas-a-vendre","8":"pmpro-has-access","10":"first","11":"instock","12":"sold-individually","13":"shipping-taxable","14":"purchasable","15":"product-type-simple"},"jetpack_sharing_enabled":true,"_links":{"self":[{"href":"https:\/\/www.qsqc.xyz\/qsqc\/wp-json\/wp\/v2\/product\/1023","targetHints":{"allow":["GET"]}}],"collection":[{"href":"https:\/\/www.qsqc.xyz\/qsqc\/wp-json\/wp\/v2\/product"}],"about":[{"href":"https:\/\/www.qsqc.xyz\/qsqc\/wp-json\/wp\/v2\/types\/product"}],"replies":[{"embeddable":true,"href":"https:\/\/www.qsqc.xyz\/qsqc\/wp-json\/wp\/v2\/comments?post=1023"}],"wp:featuredmedia":[{"embeddable":true,"href":"https:\/\/www.qsqc.xyz\/qsqc\/wp-json\/wp\/v2\/media\/1024"}],"wp:attachment":[{"href":"https:\/\/www.qsqc.xyz\/qsqc\/wp-json\/wp\/v2\/media?parent=1023"}],"wp:term":[{"taxonomy":"product_brand","embeddable":true,"href":"https:\/\/www.qsqc.xyz\/qsqc\/wp-json\/wp\/v2\/product_brand?post=1023"},{"taxonomy":"product_cat","embeddable":true,"href":"https:\/\/www.qsqc.xyz\/qsqc\/wp-json\/wp\/v2\/product_cat?post=1023"},{"taxonomy":"product_tag","embeddable":true,"href":"https:\/\/www.qsqc.xyz\/qsqc\/wp-json\/wp\/v2\/product_tag?post=1023"}],"curies":[{"name":"wp","href":"https:\/\/api.w.org\/{rel}","templated":true}]}}