{"id":988,"date":"2022-11-10T02:41:40","date_gmt":"2022-11-10T01:41:40","guid":{"rendered":"https:\/\/www.qsqc.xyz\/qsqc\/?page_id=988"},"modified":"2022-11-14T22:07:06","modified_gmt":"2022-11-14T21:07:06","slug":"miroirs-un-conte-scenique-graphique-et-melodique","status":"publish","type":"page","link":"https:\/\/www.qsqc.xyz\/qsqc\/miroirs-un-conte-scenique-graphique-et-melodique\/","title":{"rendered":"\u00ab\u00a0Miroirs\u00a0\u00bb"},"content":{"rendered":"\n<p>Un conte sc\u00e9nique, graphique et m\u00e9lodique<\/p>\n\n\n\n<p>Une \u00e9chapp\u00e9e dans un monde parall\u00e8le po\u00e9tique pas tr\u00e8s loin du notre&#8230; <\/p>\n\n\n\n<figure class=\"wp-block-gallery has-nested-images columns-default is-cropped wp-block-gallery-1 is-layout-flex wp-block-gallery-is-layout-flex\">\n<figure class=\"wp-block-image size-large\"><img loading=\"lazy\" decoding=\"async\" width=\"748\" height=\"1024\" data-id=\"1038\" src=\"https:\/\/www.qsqc.xyz\/qsqc\/wp-content\/uploads\/2022\/11\/Esperans-748x1024.jpg\" alt=\"\" class=\"wp-image-1038\" srcset=\"https:\/\/www.qsqc.xyz\/qsqc\/wp-content\/uploads\/2022\/11\/Esperans-748x1024.jpg 748w, https:\/\/www.qsqc.xyz\/qsqc\/wp-content\/uploads\/2022\/11\/Esperans-scaled-350x479.jpg 350w, https:\/\/www.qsqc.xyz\/qsqc\/wp-content\/uploads\/2022\/11\/Esperans-219x300.jpg 219w, https:\/\/www.qsqc.xyz\/qsqc\/wp-content\/uploads\/2022\/11\/Esperans-768x1052.jpg 768w, https:\/\/www.qsqc.xyz\/qsqc\/wp-content\/uploads\/2022\/11\/Esperans-1122x1536.jpg 1122w, https:\/\/www.qsqc.xyz\/qsqc\/wp-content\/uploads\/2022\/11\/Esperans-1496x2048.jpg 1496w, https:\/\/www.qsqc.xyz\/qsqc\/wp-content\/uploads\/2022\/11\/Esperans-1320x1807.jpg 1320w, https:\/\/www.qsqc.xyz\/qsqc\/wp-content\/uploads\/2022\/11\/Esperans-scaled.jpg 1870w\" sizes=\"auto, (max-width: 706px) 89vw, (max-width: 767px) 82vw, 740px\" \/><\/figure>\n<\/figure>\n\n\n\n<p>(gros travail \u00e0 r\u00e9aliser sur l&rsquo;enregistrement des musiques et arrangements avant de publier le conte en ligne avec les animations&#8230; En attendant le conte est disponible en livre d&rsquo;artiste en pr\u00eat\/location et lors des spectacles si d&rsquo;autres dates se pr\u00e9cisent.)<\/p>\n\n\n\n<figure class=\"wp-block-gallery has-nested-images columns-default is-cropped wp-block-gallery-2 is-layout-flex wp-block-gallery-is-layout-flex\">\n<figure class=\"wp-block-image size-large\"><img loading=\"lazy\" decoding=\"async\" width=\"1024\" height=\"491\" data-id=\"1043\" src=\"https:\/\/www.qsqc.xyz\/qsqc\/wp-content\/uploads\/2022\/11\/spectacle-Miroirs.jpg\" alt=\"\" class=\"wp-image-1043\" srcset=\"https:\/\/www.qsqc.xyz\/qsqc\/wp-content\/uploads\/2022\/11\/spectacle-Miroirs.jpg 1024w, https:\/\/www.qsqc.xyz\/qsqc\/wp-content\/uploads\/2022\/11\/spectacle-Miroirs-350x168.jpg 350w, https:\/\/www.qsqc.xyz\/qsqc\/wp-content\/uploads\/2022\/11\/spectacle-Miroirs-300x144.jpg 300w, https:\/\/www.qsqc.xyz\/qsqc\/wp-content\/uploads\/2022\/11\/spectacle-Miroirs-768x368.jpg 768w\" sizes=\"auto, (max-width: 706px) 89vw, (max-width: 767px) 82vw, 740px\" \/><\/figure>\n<\/figure>\n","protected":false},"excerpt":{"rendered":"<p>Un conte sc\u00e9nique, graphique et m\u00e9lodique Une \u00e9chapp\u00e9e dans un monde parall\u00e8le po\u00e9tique pas tr\u00e8s loin du notre&#8230; (gros travail \u00e0 r\u00e9aliser sur l&rsquo;enregistrement des musiques et arrangements avant de &hellip; <\/p>\n<p class=\"link-more\"><a href=\"https:\/\/www.qsqc.xyz\/qsqc\/miroirs-un-conte-scenique-graphique-et-melodique\/\" class=\"more-link\">Continuer la lecture<span class=\"screen-reader-text\"> de &laquo;&nbsp;\u00ab\u00a0Miroirs\u00a0\u00bb&nbsp;&raquo;<\/span><\/a><\/p>\n","protected":false},"author":1,"featured_media":0,"parent":0,"menu_order":0,"comment_status":"closed","ping_status":"closed","template":"","meta":{"pmpro_default_level":"","footnotes":""},"simple-restrict-permission":[],"class_list":["post-988","page","type-page","status-publish","hentry","pmpro-has-access"],"jetpack_sharing_enabled":true,"_links":{"self":[{"href":"https:\/\/www.qsqc.xyz\/qsqc\/wp-json\/wp\/v2\/pages\/988","targetHints":{"allow":["GET"]}}],"collection":[{"href":"https:\/\/www.qsqc.xyz\/qsqc\/wp-json\/wp\/v2\/pages"}],"about":[{"href":"https:\/\/www.qsqc.xyz\/qsqc\/wp-json\/wp\/v2\/types\/page"}],"author":[{"embeddable":true,"href":"https:\/\/www.qsqc.xyz\/qsqc\/wp-json\/wp\/v2\/users\/1"}],"replies":[{"embeddable":true,"href":"https:\/\/www.qsqc.xyz\/qsqc\/wp-json\/wp\/v2\/comments?post=988"}],"version-history":[{"count":8,"href":"https:\/\/www.qsqc.xyz\/qsqc\/wp-json\/wp\/v2\/pages\/988\/revisions"}],"predecessor-version":[{"id":1045,"href":"https:\/\/www.qsqc.xyz\/qsqc\/wp-json\/wp\/v2\/pages\/988\/revisions\/1045"}],"wp:attachment":[{"href":"https:\/\/www.qsqc.xyz\/qsqc\/wp-json\/wp\/v2\/media?parent=988"}],"wp:term":[{"taxonomy":"simple-restrict-permission","embeddable":true,"href":"https:\/\/www.qsqc.xyz\/qsqc\/wp-json\/wp\/v2\/simple-restrict-permission?post=988"}],"curies":[{"name":"wp","href":"https:\/\/api.w.org\/{rel}","templated":true}]}}