{"id":834,"date":"2022-10-21T13:40:23","date_gmt":"2022-10-21T11:40:23","guid":{"rendered":"https:\/\/www.qsqc.xyz\/qsqc\/?page_id=834"},"modified":"2025-06-13T09:39:43","modified_gmt":"2025-06-13T07:39:43","slug":"contact","status":"publish","type":"page","link":"https:\/\/www.qsqc.xyz\/qsqc\/contact\/","title":{"rendered":"Contact"},"content":{"rendered":"\n<p>N&rsquo;h\u00e9sitez pas \u00e0 me laisser un petit message <\/p>\n\n\n\n<p>\u00e0 bient\u00f4t \ud83d\ude42<\/p>\n\n\n\n<ul class=\"wp-block-list\">\n<li><\/li>\n<\/ul>\n\n\n\n<h2 class=\"wp-block-heading\">eric.habourdin<strong>[<\/strong>@<strong>]<\/strong>qsqc.xyz<\/h2>\n\n\n\n<p>(en enlevant les crochets [@])<\/p>\n\n\n\n<p><\/p>\n","protected":false},"excerpt":{"rendered":"<p>N&rsquo;h\u00e9sitez pas \u00e0 me laisser un petit message \u00e0 bient\u00f4t \ud83d\ude42 eric.habourdin[@]qsqc.xyz (en enlevant les crochets [@])<\/p>\n","protected":false},"author":1,"featured_media":0,"parent":0,"menu_order":0,"comment_status":"closed","ping_status":"closed","template":"","meta":{"pmpro_default_level":"","footnotes":""},"simple-restrict-permission":[],"class_list":["post-834","page","type-page","status-publish","hentry","pmpro-has-access"],"jetpack_sharing_enabled":true,"_links":{"self":[{"href":"https:\/\/www.qsqc.xyz\/qsqc\/wp-json\/wp\/v2\/pages\/834","targetHints":{"allow":["GET"]}}],"collection":[{"href":"https:\/\/www.qsqc.xyz\/qsqc\/wp-json\/wp\/v2\/pages"}],"about":[{"href":"https:\/\/www.qsqc.xyz\/qsqc\/wp-json\/wp\/v2\/types\/page"}],"author":[{"embeddable":true,"href":"https:\/\/www.qsqc.xyz\/qsqc\/wp-json\/wp\/v2\/users\/1"}],"replies":[{"embeddable":true,"href":"https:\/\/www.qsqc.xyz\/qsqc\/wp-json\/wp\/v2\/comments?post=834"}],"version-history":[{"count":23,"href":"https:\/\/www.qsqc.xyz\/qsqc\/wp-json\/wp\/v2\/pages\/834\/revisions"}],"predecessor-version":[{"id":2142,"href":"https:\/\/www.qsqc.xyz\/qsqc\/wp-json\/wp\/v2\/pages\/834\/revisions\/2142"}],"wp:attachment":[{"href":"https:\/\/www.qsqc.xyz\/qsqc\/wp-json\/wp\/v2\/media?parent=834"}],"wp:term":[{"taxonomy":"simple-restrict-permission","embeddable":true,"href":"https:\/\/www.qsqc.xyz\/qsqc\/wp-json\/wp\/v2\/simple-restrict-permission?post=834"}],"curies":[{"name":"wp","href":"https:\/\/api.w.org\/{rel}","templated":true}]}}