{"id":593,"date":"2022-10-18T11:24:07","date_gmt":"2022-10-18T09:24:07","guid":{"rendered":"https:\/\/www.qsqc.xyz\/qsqc\/?page_id=593"},"modified":"2022-10-18T20:00:24","modified_gmt":"2022-10-18T18:00:24","slug":"eric-habourdin","status":"publish","type":"page","link":"https:\/\/www.qsqc.xyz\/qsqc\/eric-habourdin\/","title":{"rendered":"Qui suis-je?"},"content":{"rendered":"\n<h2 class=\"wp-block-heading\"><strong>Eric Habourdin<\/strong><\/h2>\n\n\n\n<p>Arriv\u00e9 sur terre le 29 juillet 1976, mon \u00e2me erre depuis, sans carte pour naviguer. Sans carte pour naviguer entre la haine et l&rsquo;amour. Entre cr\u00e9ation et destruction. Entre beaut\u00e9 et laideur. Lumi\u00e8re et obscurit\u00e9&#8230; Par le dessin, mes sens, mes recherches, je tente depuis de trouver un chemin, un quai. Un chemin vers un monde o\u00f9 il fait bon vivre! un monde de partage, vers un monde de cr\u00e9ation <\/p>\n\n\n\n<p>o\u00f9 flotterait un vent de paix.<\/p>\n\n\n\n<p>Un vent  de paix<\/p>\n\n\n\n<p>Libre<\/p>\n\n\n\n<p><\/p>\n\n\n\n<p><\/p>\n\n\n\n<p><\/p>\n","protected":false},"excerpt":{"rendered":"<p>Eric Habourdin Arriv\u00e9 sur terre le 29 juillet 1976, mon \u00e2me erre depuis, sans carte pour naviguer. Sans carte pour naviguer entre la haine et l&rsquo;amour. Entre cr\u00e9ation et destruction. &hellip; <\/p>\n<p class=\"link-more\"><a href=\"https:\/\/www.qsqc.xyz\/qsqc\/eric-habourdin\/\" class=\"more-link\">Continuer la lecture<span class=\"screen-reader-text\"> de &laquo;&nbsp;Qui suis-je?&nbsp;&raquo;<\/span><\/a><\/p>\n","protected":false},"author":1,"featured_media":633,"parent":0,"menu_order":0,"comment_status":"closed","ping_status":"closed","template":"","meta":{"pmpro_default_level":"","footnotes":""},"simple-restrict-permission":[],"class_list":["post-593","page","type-page","status-publish","has-post-thumbnail","hentry","pmpro-has-access"],"jetpack_sharing_enabled":true,"_links":{"self":[{"href":"https:\/\/www.qsqc.xyz\/qsqc\/wp-json\/wp\/v2\/pages\/593","targetHints":{"allow":["GET"]}}],"collection":[{"href":"https:\/\/www.qsqc.xyz\/qsqc\/wp-json\/wp\/v2\/pages"}],"about":[{"href":"https:\/\/www.qsqc.xyz\/qsqc\/wp-json\/wp\/v2\/types\/page"}],"author":[{"embeddable":true,"href":"https:\/\/www.qsqc.xyz\/qsqc\/wp-json\/wp\/v2\/users\/1"}],"replies":[{"embeddable":true,"href":"https:\/\/www.qsqc.xyz\/qsqc\/wp-json\/wp\/v2\/comments?post=593"}],"version-history":[{"count":11,"href":"https:\/\/www.qsqc.xyz\/qsqc\/wp-json\/wp\/v2\/pages\/593\/revisions"}],"predecessor-version":[{"id":673,"href":"https:\/\/www.qsqc.xyz\/qsqc\/wp-json\/wp\/v2\/pages\/593\/revisions\/673"}],"wp:featuredmedia":[{"embeddable":true,"href":"https:\/\/www.qsqc.xyz\/qsqc\/wp-json\/wp\/v2\/media\/633"}],"wp:attachment":[{"href":"https:\/\/www.qsqc.xyz\/qsqc\/wp-json\/wp\/v2\/media?parent=593"}],"wp:term":[{"taxonomy":"simple-restrict-permission","embeddable":true,"href":"https:\/\/www.qsqc.xyz\/qsqc\/wp-json\/wp\/v2\/simple-restrict-permission?post=593"}],"curies":[{"name":"wp","href":"https:\/\/api.w.org\/{rel}","templated":true}]}}