{"id":41,"date":"2022-10-14T16:11:37","date_gmt":"2022-10-14T14:11:37","guid":{"rendered":"https:\/\/www.qsqc.xyz\/qsqc\/?page_id=41"},"modified":"2024-12-29T04:56:54","modified_gmt":"2024-12-29T03:56:54","slug":"amnesik","status":"publish","type":"page","link":"https:\/\/www.qsqc.xyz\/qsqc\/les_univers\/amnesik\/","title":{"rendered":"Amn\u00e9sik"},"content":{"rendered":"\n<h1 class=\"wp-block-heading\" id=\"&quot;Amnesik&quot;\"><strong>[ Amn\u00e9sik ]<\/strong>&#8230; <em> <a href=\"https:\/\/qsqc.xyz\/Amnesik\/Amnesik\/tour.html\">le <\/a><\/em><a href=\"https:\/\/qsqc.xyz\/Amnesik\/Amnesik\/tour.html\"><em>jeu <\/em>\u00b2<\/a><\/h1>\n\n\n\n<p>En d\u00e9veloppement&#8230; <\/p>\n\n\n\n<p>Un jeu plein de myst\u00e8res et d&rsquo;\u00e9nigmes&#8230; pas de date de sortie&#8230;<\/p>\n\n\n\n<div class=\"wp-block-columns is-layout-flex wp-container-core-columns-is-layout-9d6595d7 wp-block-columns-is-layout-flex\">\n<div class=\"wp-block-column is-layout-flow wp-block-column-is-layout-flow\" style=\"flex-basis:100%\">\n<pre class=\"wp-block-verse has-background\" style=\"background-color:#dce8ee\"><strong>\"Amn\u00e9sik\"<\/strong>, [ Un jeu o\u00f9 le dessin s'empare du virtuel ]   Un jeu dessin\u00e9 et cod\u00e9 en construction permanente. R\u00e9solvez les \u00e9nigmes et avancez dans des univers surprenants au fil de ma plume .  <strong>Prenez le temps de la cr\u00e9ation...<\/strong> Les nuits sont courtes et certaines images demandent au moins une semaine de travail. N'h\u00e9sitez pas \u00e0 m'encourager! \u00e7a ira plus vite :-)  Le lancement sera disponible... un jour j'esp\u00e8re... (par t\u00e9l\u00e9chargement ou sur cl\u00e9 usb lors des rencontres ) et actualis\u00e9 le plus souvent possible...   <a href=\"https:\/\/qsqc.xyz\/Amnesik\/Amnesik\/tour.html\" data-type=\"page\">Un aper\u00e7u du jeu <\/a><a href=\"http:\/\/qsqc.xyz\/test\/vtour\/tour.html\" data-type=\"page\">\u2665<\/a><\/pre>\n<\/div>\n<\/div>\n\n\n\n<figure class=\"wp-block-gallery has-nested-images columns-default is-cropped wp-block-gallery-1 is-layout-flex wp-block-gallery-is-layout-flex\">\n<figure class=\"wp-block-image size-large is-style-default\"><img loading=\"lazy\" decoding=\"async\" width=\"768\" height=\"432\" data-id=\"242\" src=\"https:\/\/www.qsqc.xyz\/qsqc\/wp-content\/uploads\/2022\/10\/bureau-rotated.jpg\" alt=\"\" class=\"wp-image-242\" srcset=\"https:\/\/www.qsqc.xyz\/qsqc\/wp-content\/uploads\/2022\/10\/bureau-rotated.jpg 768w, https:\/\/www.qsqc.xyz\/qsqc\/wp-content\/uploads\/2022\/10\/bureau-rotated-350x197.jpg 350w, https:\/\/www.qsqc.xyz\/qsqc\/wp-content\/uploads\/2022\/10\/bureau-300x169.jpg 300w\" sizes=\"auto, (max-width: 706px) 89vw, (max-width: 767px) 82vw, 740px\" \/><figcaption class=\"wp-element-caption\">bureau en cours de cr\u00e9ation<\/figcaption><\/figure>\n\n\n\n<figure class=\"wp-block-image size-large is-style-default\"><img loading=\"lazy\" decoding=\"async\" width=\"1200\" height=\"1600\" data-id=\"244\" src=\"https:\/\/www.qsqc.xyz\/qsqc\/wp-content\/uploads\/2022\/10\/sol_atelier-rotated.jpg\" alt=\"\" class=\"wp-image-244\" srcset=\"https:\/\/www.qsqc.xyz\/qsqc\/wp-content\/uploads\/2022\/10\/sol_atelier-rotated.jpg 1200w, https:\/\/www.qsqc.xyz\/qsqc\/wp-content\/uploads\/2022\/10\/sol_atelier-rotated-350x467.jpg 350w, https:\/\/www.qsqc.xyz\/qsqc\/wp-content\/uploads\/2022\/10\/sol_atelier-225x300.jpg 225w, https:\/\/www.qsqc.xyz\/qsqc\/wp-content\/uploads\/2022\/10\/sol_atelier-768x1024.jpg 768w, https:\/\/www.qsqc.xyz\/qsqc\/wp-content\/uploads\/2022\/10\/sol_atelier-1152x1536.jpg 1152w\" sizes=\"auto, (max-width: 706px) 89vw, (max-width: 767px) 82vw, 740px\" \/><figcaption class=\"wp-element-caption\">recherches de callepinage<\/figcaption><\/figure>\n\n\n\n<figure class=\"wp-block-image size-large is-style-default\"><img loading=\"lazy\" decoding=\"async\" width=\"1600\" height=\"1200\" data-id=\"245\" src=\"https:\/\/www.qsqc.xyz\/qsqc\/wp-content\/uploads\/2022\/10\/sol1.jpg\" alt=\"\" class=\"wp-image-245\" srcset=\"https:\/\/www.qsqc.xyz\/qsqc\/wp-content\/uploads\/2022\/10\/sol1.jpg 1600w, https:\/\/www.qsqc.xyz\/qsqc\/wp-content\/uploads\/2022\/10\/sol1-350x263.jpg 350w, https:\/\/www.qsqc.xyz\/qsqc\/wp-content\/uploads\/2022\/10\/sol1-300x225.jpg 300w, https:\/\/www.qsqc.xyz\/qsqc\/wp-content\/uploads\/2022\/10\/sol1-1024x768.jpg 1024w, https:\/\/www.qsqc.xyz\/qsqc\/wp-content\/uploads\/2022\/10\/sol1-768x576.jpg 768w, https:\/\/www.qsqc.xyz\/qsqc\/wp-content\/uploads\/2022\/10\/sol1-1536x1152.jpg 1536w\" sizes=\"auto, (max-width: 706px) 89vw, (max-width: 767px) 82vw, 740px\" \/><figcaption class=\"wp-element-caption\">carte du sol&#8230;<\/figcaption><\/figure>\n\n\n\n<figure class=\"wp-block-image size-large is-style-default\"><img loading=\"lazy\" decoding=\"async\" width=\"1200\" height=\"1600\" data-id=\"246\" src=\"https:\/\/www.qsqc.xyz\/qsqc\/wp-content\/uploads\/2022\/10\/sol2-rotated.jpg\" alt=\"\" class=\"wp-image-246\" srcset=\"https:\/\/www.qsqc.xyz\/qsqc\/wp-content\/uploads\/2022\/10\/sol2-rotated.jpg 1200w, https:\/\/www.qsqc.xyz\/qsqc\/wp-content\/uploads\/2022\/10\/sol2-rotated-350x467.jpg 350w, https:\/\/www.qsqc.xyz\/qsqc\/wp-content\/uploads\/2022\/10\/sol2-225x300.jpg 225w, https:\/\/www.qsqc.xyz\/qsqc\/wp-content\/uploads\/2022\/10\/sol2-768x1024.jpg 768w, https:\/\/www.qsqc.xyz\/qsqc\/wp-content\/uploads\/2022\/10\/sol2-1152x1536.jpg 1152w\" sizes=\"auto, (max-width: 706px) 89vw, (max-width: 767px) 82vw, 740px\" \/><\/figure>\n\n\n\n<figure class=\"wp-block-image size-large is-style-default\"><img loading=\"lazy\" decoding=\"async\" width=\"1200\" height=\"1600\" data-id=\"243\" src=\"https:\/\/www.qsqc.xyz\/qsqc\/wp-content\/uploads\/2022\/10\/image20221011_190827904-rotated.jpg\" alt=\"\" class=\"wp-image-243\" srcset=\"https:\/\/www.qsqc.xyz\/qsqc\/wp-content\/uploads\/2022\/10\/image20221011_190827904-rotated.jpg 1200w, https:\/\/www.qsqc.xyz\/qsqc\/wp-content\/uploads\/2022\/10\/image20221011_190827904-rotated-350x467.jpg 350w, https:\/\/www.qsqc.xyz\/qsqc\/wp-content\/uploads\/2022\/10\/image20221011_190827904-225x300.jpg 225w, https:\/\/www.qsqc.xyz\/qsqc\/wp-content\/uploads\/2022\/10\/image20221011_190827904-768x1024.jpg 768w, https:\/\/www.qsqc.xyz\/qsqc\/wp-content\/uploads\/2022\/10\/image20221011_190827904-1152x1536.jpg 1152w\" sizes=\"auto, (max-width: 706px) 89vw, (max-width: 767px) 82vw, 740px\" \/><figcaption class=\"wp-element-caption\">sol&#8230;<\/figcaption><\/figure>\n\n\n\n<figure class=\"wp-block-image size-large is-style-default\"><img loading=\"lazy\" decoding=\"async\" width=\"2560\" height=\"2177\" data-id=\"86\" src=\"https:\/\/www.qsqc.xyz\/qsqc\/wp-content\/uploads\/2022\/10\/atelier-1-scaled.jpg\" alt=\"\" class=\"wp-image-86\" srcset=\"https:\/\/www.qsqc.xyz\/qsqc\/wp-content\/uploads\/2022\/10\/atelier-1-scaled.jpg 2560w, https:\/\/www.qsqc.xyz\/qsqc\/wp-content\/uploads\/2022\/10\/atelier-1-scaled-350x298.jpg 350w, https:\/\/www.qsqc.xyz\/qsqc\/wp-content\/uploads\/2022\/10\/atelier-1-300x255.jpg 300w, https:\/\/www.qsqc.xyz\/qsqc\/wp-content\/uploads\/2022\/10\/atelier-1-1024x871.jpg 1024w, https:\/\/www.qsqc.xyz\/qsqc\/wp-content\/uploads\/2022\/10\/atelier-1-768x653.jpg 768w, https:\/\/www.qsqc.xyz\/qsqc\/wp-content\/uploads\/2022\/10\/atelier-1-1536x1306.jpg 1536w, https:\/\/www.qsqc.xyz\/qsqc\/wp-content\/uploads\/2022\/10\/atelier-1-2048x1741.jpg 2048w\" sizes=\"auto, (max-width: 706px) 89vw, (max-width: 767px) 82vw, 740px\" \/><figcaption class=\"wp-element-caption\">en atelier&#8230;<\/figcaption><\/figure>\n<figcaption class=\"blocks-gallery-caption wp-element-caption\">quelques images en cours cr\u00e9ations&#8230;<\/figcaption><\/figure>\n\n\n\n<p><\/p>\n\n\n\n<h2 class=\"wp-block-heading\" id=\"&quot;Livres-tout-public&quot;\"><\/h2>\n","protected":false},"excerpt":{"rendered":"<p>[ Amn\u00e9sik ]&#8230; le jeu \u00b2 En d\u00e9veloppement&#8230; Un jeu plein de myst\u00e8res et d&rsquo;\u00e9nigmes&#8230; pas de date de sortie&#8230; \u00ab\u00a0Amn\u00e9sik\u00a0\u00bb, [ Un jeu o\u00f9 le dessin s&#8217;empare du virtuel &hellip; <\/p>\n<p class=\"link-more\"><a href=\"https:\/\/www.qsqc.xyz\/qsqc\/les_univers\/amnesik\/\" class=\"more-link\">Continuer la lecture<span class=\"screen-reader-text\"> de &laquo;&nbsp;Amn\u00e9sik&nbsp;&raquo;<\/span><\/a><\/p>\n","protected":false},"author":1,"featured_media":0,"parent":2,"menu_order":0,"comment_status":"closed","ping_status":"closed","template":"","meta":{"pmpro_default_level":"","footnotes":""},"simple-restrict-permission":[],"class_list":["post-41","page","type-page","status-publish","hentry","pmpro-has-access"],"jetpack_sharing_enabled":true,"_links":{"self":[{"href":"https:\/\/www.qsqc.xyz\/qsqc\/wp-json\/wp\/v2\/pages\/41","targetHints":{"allow":["GET"]}}],"collection":[{"href":"https:\/\/www.qsqc.xyz\/qsqc\/wp-json\/wp\/v2\/pages"}],"about":[{"href":"https:\/\/www.qsqc.xyz\/qsqc\/wp-json\/wp\/v2\/types\/page"}],"author":[{"embeddable":true,"href":"https:\/\/www.qsqc.xyz\/qsqc\/wp-json\/wp\/v2\/users\/1"}],"replies":[{"embeddable":true,"href":"https:\/\/www.qsqc.xyz\/qsqc\/wp-json\/wp\/v2\/comments?post=41"}],"version-history":[{"count":53,"href":"https:\/\/www.qsqc.xyz\/qsqc\/wp-json\/wp\/v2\/pages\/41\/revisions"}],"predecessor-version":[{"id":2011,"href":"https:\/\/www.qsqc.xyz\/qsqc\/wp-json\/wp\/v2\/pages\/41\/revisions\/2011"}],"up":[{"embeddable":true,"href":"https:\/\/www.qsqc.xyz\/qsqc\/wp-json\/wp\/v2\/pages\/2"}],"wp:attachment":[{"href":"https:\/\/www.qsqc.xyz\/qsqc\/wp-json\/wp\/v2\/media?parent=41"}],"wp:term":[{"taxonomy":"simple-restrict-permission","embeddable":true,"href":"https:\/\/www.qsqc.xyz\/qsqc\/wp-json\/wp\/v2\/simple-restrict-permission?post=41"}],"curies":[{"name":"wp","href":"https:\/\/api.w.org\/{rel}","templated":true}]}}